{"id":4084,"date":"2022-12-01T12:30:01","date_gmt":"2022-12-01T12:30:01","guid":{"rendered":"https:\/\/cad.nl\/?post_type=product&#038;p=4084"},"modified":"2025-11-26T14:39:36","modified_gmt":"2025-11-26T14:39:36","slug":"epson-ecotank-et-8500","status":"publish","type":"product","link":"https:\/\/cad.nl\/de\/produkt\/epson-ecotank-et-8500\/","title":{"rendered":"EPSON Ecotank ET-8500"},"content":{"rendered":"<div data-elementor-type=\"product-post\" data-elementor-id=\"4084\" class=\"elementor elementor-4084\" data-elementor-post-type=\"product\">\n\t\t\t\t\t\t<section class=\"elementor-section elementor-top-section elementor-element elementor-element-5c330149 elementor-section-content-middle elementor-section-boxed elementor-section-height-default elementor-section-height-default\" data-id=\"5c330149\" data-element_type=\"section\" data-e-type=\"section\">\n\t\t\t\t\t\t<div class=\"elementor-container elementor-column-gap-no\">\n\t\t\t\t\t<div class=\"elementor-column elementor-col-100 elementor-top-column elementor-element elementor-element-6aff637\" data-id=\"6aff637\" data-element_type=\"column\" data-e-type=\"column\">\n\t\t\t<div class=\"elementor-widget-wrap elementor-element-populated\">\n\t\t\t\t\t\t<section class=\"elementor-section elementor-inner-section elementor-element elementor-element-550bbde3 elementor-section-content-middle elementor-section-boxed elementor-section-height-default elementor-section-height-default\" data-id=\"550bbde3\" data-element_type=\"section\" data-e-type=\"section\">\n\t\t\t\t\t\t<div class=\"elementor-container elementor-column-gap-no\">\n\t\t\t\t\t<div class=\"elementor-column elementor-col-50 elementor-inner-column elementor-element elementor-element-3feb961\" data-id=\"3feb961\" data-element_type=\"column\" data-e-type=\"column\">\n\t\t\t<div class=\"elementor-widget-wrap elementor-element-populated\">\n\t\t\t\t\t\t<div class=\"elementor-element elementor-element-2f9c2260 elementor-widget elementor-widget-image\" data-id=\"2f9c2260\" data-element_type=\"widget\" data-e-type=\"widget\" data-widget_type=\"image.default\">\n\t\t\t\t<div class=\"elementor-widget-container\">\n\t\t\t\t\t\t\t\t\t\t\t\t\t\t\t<img fetchpriority=\"high\" decoding=\"async\" width=\"1024\" height=\"576\" src=\"https:\/\/cad.nl\/wp-content\/uploads\/2022\/12\/ecotank-full-picture-1024x576.webp\" class=\"attachment-large size-large wp-image-5244\" alt=\"\" srcset=\"https:\/\/cad.nl\/wp-content\/uploads\/2022\/12\/ecotank-full-picture-1024x576.webp 1024w, https:\/\/cad.nl\/wp-content\/uploads\/2022\/12\/ecotank-full-picture-300x169.webp 300w, https:\/\/cad.nl\/wp-content\/uploads\/2022\/12\/ecotank-full-picture-768x432.webp 768w, https:\/\/cad.nl\/wp-content\/uploads\/2022\/12\/ecotank-full-picture-1536x864.webp 1536w, https:\/\/cad.nl\/wp-content\/uploads\/2022\/12\/ecotank-full-picture-600x338.webp 600w, https:\/\/cad.nl\/wp-content\/uploads\/2022\/12\/ecotank-full-picture.webp 2048w\" sizes=\"(max-width: 1024px) 100vw, 1024px\" \/>\t\t\t\t\t\t\t\t\t\t\t\t\t\t\t<\/div>\n\t\t\t\t<\/div>\n\t\t\t\t\t<\/div>\n\t\t<\/div>\n\t\t\t\t<div class=\"elementor-column elementor-col-50 elementor-inner-column elementor-element elementor-element-1b37a8c3\" data-id=\"1b37a8c3\" data-element_type=\"column\" data-e-type=\"column\">\n\t\t\t<div class=\"elementor-widget-wrap elementor-element-populated\">\n\t\t\t\t\t\t<div class=\"elementor-element elementor-element-f357cdc elementor-widget elementor-widget-heading\" data-id=\"f357cdc\" data-element_type=\"widget\" data-e-type=\"widget\" data-widget_type=\"heading.default\">\n\t\t\t\t<div class=\"elementor-widget-container\">\n\t\t\t\t\t<h2 class=\"elementor-heading-title elementor-size-default\">EPSON Ecotank ET-8500<\/h2>\t\t\t\t<\/div>\n\t\t\t\t<\/div>\n\t\t\t\t<div class=\"elementor-element elementor-element-577e24b elementor-widget elementor-widget-text-editor\" data-id=\"577e24b\" data-element_type=\"widget\" data-e-type=\"widget\" data-widget_type=\"text-editor.default\">\n\t\t\t\t<div class=\"elementor-widget-container\">\n\t\t\t\t\t\t\t\t\t<p>Der EPSON Ecotank ET-8500 verwendet ein Claria ET Premium-Tintensystem mit sechs Farben und ist in Kombination mit der hochpr\u00e4zisen Druckkopftechnologie von EPSON in der Lage, in nur 15 Sekunden randlose Ausdrucke im Format 10 x 15 cm zu drucken. Der Ecotank ET-8500 kann Fotos zu sehr niedrigen TCO (Gesamtbetriebskosten) drucken.\u00a0<\/p>\t\t\t\t\t\t\t\t<\/div>\n\t\t\t\t<\/div>\n\t\t\t\t<div class=\"elementor-element elementor-element-041bb0f elementor-widget elementor-widget-button\" data-id=\"041bb0f\" data-element_type=\"widget\" data-e-type=\"widget\" data-widget_type=\"button.default\">\n\t\t\t\t<div class=\"elementor-widget-container\">\n\t\t\t\t\t\t\t\t\t<div class=\"elementor-button-wrapper\">\n\t\t\t\t\t<a class=\"elementor-button elementor-button-link elementor-size-sm\" href=\"https:\/\/cad.nl\/wp-content\/uploads\/2025\/11\/ecotank-et-8500-datasheet.pdf\" target=\"_blank\">\n\t\t\t\t\t\t<span class=\"elementor-button-content-wrapper\">\n\t\t\t\t\t\t\t\t\t<span class=\"elementor-button-text\">Brosch\u00fcre ansehen<\/span>\n\t\t\t\t\t<\/span>\n\t\t\t\t\t<\/a>\n\t\t\t\t<\/div>\n\t\t\t\t\t\t\t\t<\/div>\n\t\t\t\t<\/div>\n\t\t\t\t\t<\/div>\n\t\t<\/div>\n\t\t\t\t\t<\/div>\n\t\t<\/section>\n\t\t\t\t<section class=\"elementor-section elementor-inner-section elementor-element elementor-element-98b3316 elementor-section-content-middle elementor-section-boxed elementor-section-height-default elementor-section-height-default\" data-id=\"98b3316\" data-element_type=\"section\" data-e-type=\"section\">\n\t\t\t\t\t\t<div class=\"elementor-container elementor-column-gap-no\">\n\t\t\t\t\t<div class=\"elementor-column elementor-col-50 elementor-inner-column elementor-element elementor-element-7102a54\" data-id=\"7102a54\" data-element_type=\"column\" data-e-type=\"column\">\n\t\t\t<div class=\"elementor-widget-wrap elementor-element-populated\">\n\t\t\t\t\t\t<div class=\"elementor-element elementor-element-3f04bd2 elementor-widget elementor-widget-heading\" data-id=\"3f04bd2\" data-element_type=\"widget\" data-e-type=\"widget\" data-widget_type=\"heading.default\">\n\t\t\t\t<div class=\"elementor-widget-container\">\n\t\t\t\t\t<h2 class=\"elementor-heading-title elementor-size-default\">Beste im Test<\/h2>\t\t\t\t<\/div>\n\t\t\t\t<\/div>\n\t\t\t\t<div class=\"elementor-element elementor-element-5cb505f elementor-widget elementor-widget-text-editor\" data-id=\"5cb505f\" data-element_type=\"widget\" data-e-type=\"widget\" data-widget_type=\"text-editor.default\">\n\t\t\t\t<div class=\"elementor-widget-container\">\n\t\t\t\t\t\t\t\t\t<p><b>Vom Verbraucherverband.<\/b><\/p><p>Der EPSON Ecotank ET-8500 schnitt im Test als Sieger ab. Lesen Sie hier, warum der EPSON Ecotank ET-8500 der beste und nachhaltigste B\u00fcrodrucker des Jahres 2022 ist.\u00a0<\/p>\t\t\t\t\t\t\t\t<\/div>\n\t\t\t\t<\/div>\n\t\t\t\t\t<\/div>\n\t\t<\/div>\n\t\t\t\t<div class=\"elementor-column elementor-col-50 elementor-inner-column elementor-element elementor-element-7c9cd89\" data-id=\"7c9cd89\" data-element_type=\"column\" data-e-type=\"column\">\n\t\t\t<div class=\"elementor-widget-wrap elementor-element-populated\">\n\t\t\t\t\t\t<div class=\"elementor-element elementor-element-aaee649 elementor-widget elementor-widget-image\" data-id=\"aaee649\" data-element_type=\"widget\" data-e-type=\"widget\" data-widget_type=\"image.default\">\n\t\t\t\t<div class=\"elementor-widget-container\">\n\t\t\t\t\t\t\t\t\t\t\t\t\t\t\t<img decoding=\"async\" width=\"1024\" height=\"1024\" src=\"https:\/\/cad.nl\/wp-content\/uploads\/2022\/12\/Foto-ecotank-front-1024x1024.jpg\" class=\"attachment-large size-large wp-image-5265\" alt=\"EPSON Ecotank ET-8500\" srcset=\"https:\/\/cad.nl\/wp-content\/uploads\/2022\/12\/Foto-ecotank-front-1024x1024.jpg 1024w, https:\/\/cad.nl\/wp-content\/uploads\/2022\/12\/Foto-ecotank-front-300x300.jpg 300w, https:\/\/cad.nl\/wp-content\/uploads\/2022\/12\/Foto-ecotank-front-150x150.jpg 150w, https:\/\/cad.nl\/wp-content\/uploads\/2022\/12\/Foto-ecotank-front-768x768.jpg 768w, https:\/\/cad.nl\/wp-content\/uploads\/2022\/12\/Foto-ecotank-front-1536x1536.jpg 1536w, https:\/\/cad.nl\/wp-content\/uploads\/2022\/12\/Foto-ecotank-front-600x600.jpg 600w, https:\/\/cad.nl\/wp-content\/uploads\/2022\/12\/Foto-ecotank-front-100x100.jpg 100w, https:\/\/cad.nl\/wp-content\/uploads\/2022\/12\/Foto-ecotank-front.jpg 1600w\" sizes=\"(max-width: 1024px) 100vw, 1024px\" \/>\t\t\t\t\t\t\t\t\t\t\t\t\t\t\t<\/div>\n\t\t\t\t<\/div>\n\t\t\t\t\t<\/div>\n\t\t<\/div>\n\t\t\t\t\t<\/div>\n\t\t<\/section>\n\t\t\t\t<section class=\"elementor-section elementor-inner-section elementor-element elementor-element-0bdd31a elementor-section-content-middle elementor-section-boxed elementor-section-height-default elementor-section-height-default\" data-id=\"0bdd31a\" data-element_type=\"section\" data-e-type=\"section\">\n\t\t\t\t\t\t<div class=\"elementor-container elementor-column-gap-no\">\n\t\t\t\t\t<div class=\"elementor-column elementor-col-50 elementor-inner-column elementor-element elementor-element-561d86b\" data-id=\"561d86b\" data-element_type=\"column\" data-e-type=\"column\">\n\t\t\t<div class=\"elementor-widget-wrap elementor-element-populated\">\n\t\t\t\t\t\t<div class=\"elementor-element elementor-element-9510683 elementor-widget elementor-widget-image\" data-id=\"9510683\" data-element_type=\"widget\" data-e-type=\"widget\" data-widget_type=\"image.default\">\n\t\t\t\t<div class=\"elementor-widget-container\">\n\t\t\t\t\t\t\t\t\t\t\t\t\t\t\t<img decoding=\"async\" width=\"1024\" height=\"617\" src=\"https:\/\/cad.nl\/wp-content\/uploads\/2022\/12\/EPSON-supplies-picture-1024x617.webp\" class=\"attachment-large size-large wp-image-5263\" alt=\"\" srcset=\"https:\/\/cad.nl\/wp-content\/uploads\/2022\/12\/EPSON-supplies-picture-1024x617.webp 1024w, https:\/\/cad.nl\/wp-content\/uploads\/2022\/12\/EPSON-supplies-picture-300x181.webp 300w, https:\/\/cad.nl\/wp-content\/uploads\/2022\/12\/EPSON-supplies-picture-768x463.webp 768w, https:\/\/cad.nl\/wp-content\/uploads\/2022\/12\/EPSON-supplies-picture-1536x926.webp 1536w, https:\/\/cad.nl\/wp-content\/uploads\/2022\/12\/EPSON-supplies-picture-2048x1234.webp 2048w, https:\/\/cad.nl\/wp-content\/uploads\/2022\/12\/EPSON-supplies-picture-600x362.webp 600w\" sizes=\"(max-width: 1024px) 100vw, 1024px\" \/>\t\t\t\t\t\t\t\t\t\t\t\t\t\t\t<\/div>\n\t\t\t\t<\/div>\n\t\t\t\t\t<\/div>\n\t\t<\/div>\n\t\t\t\t<div class=\"elementor-column elementor-col-50 elementor-inner-column elementor-element elementor-element-d0c5b97\" data-id=\"d0c5b97\" data-element_type=\"column\" data-e-type=\"column\">\n\t\t\t<div class=\"elementor-widget-wrap elementor-element-populated\">\n\t\t\t\t\t\t<div class=\"elementor-element elementor-element-81f66fb elementor-widget elementor-widget-heading\" data-id=\"81f66fb\" data-element_type=\"widget\" data-e-type=\"widget\" data-widget_type=\"heading.default\">\n\t\t\t\t<div class=\"elementor-widget-container\">\n\t\t\t\t\t<h2 class=\"elementor-heading-title elementor-size-default\">M\u00f6glichkeiten <\/h2>\t\t\t\t<\/div>\n\t\t\t\t<\/div>\n\t\t\t\t<div class=\"elementor-element elementor-element-dacc360 elementor-widget elementor-widget-text-editor\" data-id=\"dacc360\" data-element_type=\"widget\" data-e-type=\"widget\" data-widget_type=\"text-editor.default\">\n\t\t\t\t<div class=\"elementor-widget-container\">\n\t\t\t\t\t\t\t\t\t<p>Das Tintensystem des EPSON Ecotank ET-8500 kann 8,5 x 11 Zoll drucken. Der Drucker kann au\u00dferdem beidseitig drucken, kopieren, scannen und verf\u00fcgt \u00fcber einen Touchscreen f\u00fcr eine einfache und schnelle Bedienung.\u00a0<\/p><p>\u00a0<\/p><p>\u00a0<\/p>\t\t\t\t\t\t\t\t<\/div>\n\t\t\t\t<\/div>\n\t\t\t\t\t<\/div>\n\t\t<\/div>\n\t\t\t\t\t<\/div>\n\t\t<\/section>\n\t\t\t\t<section class=\"elementor-section elementor-inner-section elementor-element elementor-element-3fef86cc elementor-section-content-middle elementor-reverse-mobile elementor-section-boxed elementor-section-height-default elementor-section-height-default\" data-id=\"3fef86cc\" data-element_type=\"section\" data-e-type=\"section\">\n\t\t\t\t\t\t<div class=\"elementor-container elementor-column-gap-no\">\n\t\t\t\t\t<div class=\"elementor-column elementor-col-50 elementor-inner-column elementor-element elementor-element-1842c461\" data-id=\"1842c461\" data-element_type=\"column\" data-e-type=\"column\">\n\t\t\t<div class=\"elementor-widget-wrap elementor-element-populated\">\n\t\t\t\t\t\t<div class=\"elementor-element elementor-element-6c30bbd elementor-widget elementor-widget-heading\" data-id=\"6c30bbd\" data-element_type=\"widget\" data-e-type=\"widget\" data-widget_type=\"heading.default\">\n\t\t\t\t<div class=\"elementor-widget-container\">\n\t\t\t\t\t<h2 class=\"elementor-heading-title elementor-size-default\">Tintensystem<\/h2>\t\t\t\t<\/div>\n\t\t\t\t<\/div>\n\t\t\t\t<div class=\"elementor-element elementor-element-2404750 elementor-widget elementor-widget-text-editor\" data-id=\"2404750\" data-element_type=\"widget\" data-e-type=\"widget\" data-widget_type=\"text-editor.default\">\n\t\t\t\t<div class=\"elementor-widget-container\">\n\t\t\t\t\t\t\t\t\t<p>Das Tintensystem des EPSON Ecotank ET-8500 entspricht 100 herk\u00f6mmlichen Tintenpatronen, was bedeutet, dass sie viel l\u00e4nger halten als herk\u00f6mmliche Tintenpatronen. Jeder Satz Tintenflaschen reicht f\u00fcr bis zu zwei Jahre Tinte und bietet lebendige Farben, gestochen scharfen Text, hohe Geschwindigkeiten und sanfte Abstufungen.\u00a0<\/p><p>\u00a0<\/p>\t\t\t\t\t\t\t\t<\/div>\n\t\t\t\t<\/div>\n\t\t\t\t\t<\/div>\n\t\t<\/div>\n\t\t\t\t<div class=\"elementor-column elementor-col-50 elementor-inner-column elementor-element elementor-element-509149e2\" data-id=\"509149e2\" data-element_type=\"column\" data-e-type=\"column\">\n\t\t\t<div class=\"elementor-widget-wrap elementor-element-populated\">\n\t\t\t\t\t\t<div class=\"elementor-element elementor-element-5a093190 elementor-widget elementor-widget-image\" data-id=\"5a093190\" data-element_type=\"widget\" data-e-type=\"widget\" data-widget_type=\"image.default\">\n\t\t\t\t<div class=\"elementor-widget-container\">\n\t\t\t\t\t\t\t\t\t\t\t\t\t\t\t<img loading=\"lazy\" decoding=\"async\" width=\"1024\" height=\"768\" src=\"https:\/\/cad.nl\/wp-content\/uploads\/2022\/12\/Ecotank-supplies-picture.jpg\" class=\"attachment-large size-large wp-image-5262\" alt=\"Printer supplies\" srcset=\"https:\/\/cad.nl\/wp-content\/uploads\/2022\/12\/Ecotank-supplies-picture.jpg 1024w, https:\/\/cad.nl\/wp-content\/uploads\/2022\/12\/Ecotank-supplies-picture-300x225.jpg 300w, https:\/\/cad.nl\/wp-content\/uploads\/2022\/12\/Ecotank-supplies-picture-768x576.jpg 768w, https:\/\/cad.nl\/wp-content\/uploads\/2022\/12\/Ecotank-supplies-picture-600x450.jpg 600w\" sizes=\"(max-width: 1024px) 100vw, 1024px\" \/>\t\t\t\t\t\t\t\t\t\t\t\t\t\t\t<\/div>\n\t\t\t\t<\/div>\n\t\t\t\t\t<\/div>\n\t\t<\/div>\n\t\t\t\t\t<\/div>\n\t\t<\/section>\n\t\t\t\t\t<\/div>\n\t\t<\/div>\n\t\t\t\t\t<\/div>\n\t\t<\/section>\n\t\t\t\t<\/div>","protected":false},"excerpt":{"rendered":"<p><strong>Testsieger:\u00a0<\/strong>Der EPSON Ecotank ET-8500 schnitt im Test des Verbraucherverbandes als Testsieger ab. Entdecken Sie, warum dies der B\u00fcrodrucker des Jahres 2022 ist.<\/p>","protected":false},"featured_media":4086,"template":"","meta":{"site-sidebar-layout":"no-sidebar","site-content-layout":"page-builder","ast-site-content-layout":"default","site-content-style":"default","site-sidebar-style":"default","ast-global-header-display":"","ast-banner-title-visibility":"","ast-main-header-display":"","ast-hfb-above-header-display":"","ast-hfb-below-header-display":"","ast-hfb-mobile-header-display":"","site-post-title":"disabled","ast-breadcrumbs-content":"","ast-featured-img":"disabled","footer-sml-layout":"","ast-disable-related-posts":"","theme-transparent-header-meta":"default","adv-header-id-meta":"","stick-header-meta":"","header-above-stick-meta":"","header-main-stick-meta":"","header-below-stick-meta":"","astra-migrate-meta-layouts":"default","ast-page-background-enabled":"default","ast-page-background-meta":{"desktop":{"background-color":"var(--ast-global-color-4)","background-image":"","background-repeat":"repeat","background-position":"center center","background-size":"auto","background-attachment":"scroll","background-type":"","background-media":"","overlay-type":"","overlay-color":"","overlay-opacity":"","overlay-gradient":""},"tablet":{"background-color":"","background-image":"","background-repeat":"repeat","background-position":"center center","background-size":"auto","background-attachment":"scroll","background-type":"","background-media":"","overlay-type":"","overlay-color":"","overlay-opacity":"","overlay-gradient":""},"mobile":{"background-color":"","background-image":"","background-repeat":"repeat","background-position":"center center","background-size":"auto","background-attachment":"scroll","background-type":"","background-media":"","overlay-type":"","overlay-color":"","overlay-opacity":"","overlay-gradient":""}},"ast-content-background-meta":{"desktop":{"background-color":"var(--ast-global-color-5)","background-image":"","background-repeat":"repeat","background-position":"center center","background-size":"auto","background-attachment":"scroll","background-type":"","background-media":"","overlay-type":"","overlay-color":"","overlay-opacity":"","overlay-gradient":""},"tablet":{"background-color":"var(--ast-global-color-5)","background-image":"","background-repeat":"repeat","background-position":"center center","background-size":"auto","background-attachment":"scroll","background-type":"","background-media":"","overlay-type":"","overlay-color":"","overlay-opacity":"","overlay-gradient":""},"mobile":{"background-color":"var(--ast-global-color-5)","background-image":"","background-repeat":"repeat","background-position":"center center","background-size":"auto","background-attachment":"scroll","background-type":"","background-media":"","overlay-type":"","overlay-color":"","overlay-opacity":"","overlay-gradient":""}}},"product_brand":[],"product_cat":[34],"product_tag":[],"class_list":{"0":"post-4084","1":"product","2":"type-product","3":"status-publish","4":"has-post-thumbnail","6":"product_cat-kantoorprinters","7":"desktop-align-left","8":"tablet-align-left","9":"mobile-align-left","11":"first","12":"instock","13":"taxable","14":"shipping-taxable","15":"product-type-simple"},"_links":{"self":[{"href":"https:\/\/cad.nl\/de\/wp-json\/wp\/v2\/product\/4084","targetHints":{"allow":["GET"]}}],"collection":[{"href":"https:\/\/cad.nl\/de\/wp-json\/wp\/v2\/product"}],"about":[{"href":"https:\/\/cad.nl\/de\/wp-json\/wp\/v2\/types\/product"}],"version-history":[{"count":36,"href":"https:\/\/cad.nl\/de\/wp-json\/wp\/v2\/product\/4084\/revisions"}],"predecessor-version":[{"id":7747,"href":"https:\/\/cad.nl\/de\/wp-json\/wp\/v2\/product\/4084\/revisions\/7747"}],"wp:featuredmedia":[{"embeddable":true,"href":"https:\/\/cad.nl\/de\/wp-json\/wp\/v2\/media\/4086"}],"wp:attachment":[{"href":"https:\/\/cad.nl\/de\/wp-json\/wp\/v2\/media?parent=4084"}],"wp:term":[{"taxonomy":"product_brand","embeddable":true,"href":"https:\/\/cad.nl\/de\/wp-json\/wp\/v2\/product_brand?post=4084"},{"taxonomy":"product_cat","embeddable":true,"href":"https:\/\/cad.nl\/de\/wp-json\/wp\/v2\/product_cat?post=4084"},{"taxonomy":"product_tag","embeddable":true,"href":"https:\/\/cad.nl\/de\/wp-json\/wp\/v2\/product_tag?post=4084"}],"curies":[{"name":"wp","href":"https:\/\/api.w.org\/{rel}","templated":true}]}}