{"id":724,"date":"2022-10-06T10:16:17","date_gmt":"2022-10-06T10:16:17","guid":{"rendered":"https:\/\/cad.nl\/?post_type=product&#038;p=724"},"modified":"2022-12-01T13:33:27","modified_gmt":"2022-12-01T13:33:27","slug":"toshiba-e-studio-2802-am","status":"publish","type":"product","link":"https:\/\/cad.nl\/de\/produkt\/toshiba-e-studio-2802-am\/","title":{"rendered":"Toshiba E-Studio 2802 AM"},"content":{"rendered":"<div data-elementor-type=\"product-post\" data-elementor-id=\"724\" class=\"elementor elementor-724\" data-elementor-post-type=\"product\">\n\t\t\t\t\t\t<section class=\"elementor-section elementor-top-section elementor-element elementor-element-04ed003 elementor-section-boxed elementor-section-height-default elementor-section-height-default\" data-id=\"04ed003\" data-element_type=\"section\" data-e-type=\"section\">\n\t\t\t\t\t\t<div class=\"elementor-container elementor-column-gap-default\">\n\t\t\t\t\t<div class=\"elementor-column elementor-col-100 elementor-top-column elementor-element elementor-element-eb90768\" data-id=\"eb90768\" data-element_type=\"column\" data-e-type=\"column\">\n\t\t\t<div class=\"elementor-widget-wrap elementor-element-populated\">\n\t\t\t\t\t\t<div class=\"elementor-element elementor-element-a407540 elementor-widget elementor-widget-text-editor\" data-id=\"a407540\" data-element_type=\"widget\" data-e-type=\"widget\" data-widget_type=\"text-editor.default\">\n\t\t\t\t<div class=\"elementor-widget-container\">\n\t\t\t\t\t\t\t\t\t<p>Toshiba E-Studio 2802 AM<\/p>\t\t\t\t\t\t\t\t<\/div>\n\t\t\t\t<\/div>\n\t\t\t\t\t<\/div>\n\t\t<\/div>\n\t\t\t\t\t<\/div>\n\t\t<\/section>\n\t\t\t\t<section class=\"elementor-section elementor-top-section elementor-element elementor-element-9f100b7 elementor-section-boxed elementor-section-height-default elementor-section-height-default\" data-id=\"9f100b7\" data-element_type=\"section\" data-e-type=\"section\">\n\t\t\t\t\t\t<div class=\"elementor-container elementor-column-gap-default\">\n\t\t\t\t\t<div class=\"elementor-column elementor-col-100 elementor-top-column elementor-element elementor-element-43fba73\" data-id=\"43fba73\" data-element_type=\"column\" data-e-type=\"column\">\n\t\t\t<div class=\"elementor-widget-wrap elementor-element-populated\">\n\t\t\t\t\t\t<div class=\"elementor-element elementor-element-50c5248 elementor-widget elementor-widget-text-editor\" data-id=\"50c5248\" data-element_type=\"widget\" data-e-type=\"widget\" data-widget_type=\"text-editor.default\">\n\t\t\t\t<div class=\"elementor-widget-container\">\n\t\t\t\t\t\t\t\t\t<p><b>J<\/b><strong>ca<\/strong> <b>Verwendetes MFP: <\/b>Der E-Studio 2802 AM ist ein neu gebrauchter Multifunktionsdrucker. Die gebrauchten Drucker sind gut gewartet und Sie erhalten beim Kauf eines E-Studio 2802 AM eine 3-monatige Vor-Ort-Garantie.<\/p><p><b>Kompakt: <\/b>Mit seiner Gr\u00f6\u00dfe von 390 x 540 x 505 mm ist das E-Studio 2802 AM kompakt, sodass es wirklich in jede Ecke passt.<\/p><p><b>Einfach:<\/b> Der 2802 AM verf\u00fcgt \u00fcber ein einfaches Bedienfeld, sodass Sie Ihre Druckanforderungen problemlos erf\u00fcllen k\u00f6nnen.<\/p><p><b>Farbscanner: <\/b>Mit dem integrierten Farbscanner k\u00f6nnen Sie Originale scannen und so die Farbintensit\u00e4t beibehalten.<\/p><ul><li>Doppelseitiger Druck<\/li><li>Netzwerk- und WLAN-Steuerung<\/li><li>300-Blatt-Zufuhrkapazit\u00e4t<\/li><li>Aufl\u00f6sung 2400 x 600 dpi<\/li><li>512 MB Speicher<\/li><li>28 Sekunden pro Druck<\/li><\/ul>\t\t\t\t\t\t\t\t<\/div>\n\t\t\t\t<\/div>\n\t\t\t\t\t<\/div>\n\t\t<\/div>\n\t\t\t\t\t<\/div>\n\t\t<\/section>\n\t\t\t\t<\/div>","protected":false},"excerpt":{"rendered":"<p><strong>Einfacher multifunktionaler Schwarzwei\u00dfdrucker<\/strong><\/p>\n<p>Der Toshiba E-Studio 2802 AM ist ein kompakter Multifunktionsdrucker. Der 2802 AM ist ideal f\u00fcr Benutzer, die h\u00e4ufig im A4-Format und gelegentlich im A3-Format drucken. Das E-Studio 2802 AM verf\u00fcgt \u00fcber einen Farbscanner, mit dem Sie problemlos Dokumente scannen oder kopieren k\u00f6nnen.<\/p>","protected":false},"featured_media":4088,"template":"","meta":{"site-sidebar-layout":"default","site-content-layout":"default","ast-site-content-layout":"default","site-content-style":"default","site-sidebar-style":"default","ast-global-header-display":"","ast-banner-title-visibility":"","ast-main-header-display":"","ast-hfb-above-header-display":"","ast-hfb-below-header-display":"","ast-hfb-mobile-header-display":"","site-post-title":"","ast-breadcrumbs-content":"","ast-featured-img":"","footer-sml-layout":"","ast-disable-related-posts":"","theme-transparent-header-meta":"default","adv-header-id-meta":"","stick-header-meta":"","header-above-stick-meta":"","header-main-stick-meta":"","header-below-stick-meta":"","astra-migrate-meta-layouts":"default","ast-page-background-enabled":"default","ast-page-background-meta":{"desktop":{"background-color":"var(--ast-global-color-4)","background-image":"","background-repeat":"repeat","background-position":"center center","background-size":"auto","background-attachment":"scroll","background-type":"","background-media":"","overlay-type":"","overlay-color":"","overlay-opacity":"","overlay-gradient":""},"tablet":{"background-color":"","background-image":"","background-repeat":"repeat","background-position":"center center","background-size":"auto","background-attachment":"scroll","background-type":"","background-media":"","overlay-type":"","overlay-color":"","overlay-opacity":"","overlay-gradient":""},"mobile":{"background-color":"","background-image":"","background-repeat":"repeat","background-position":"center center","background-size":"auto","background-attachment":"scroll","background-type":"","background-media":"","overlay-type":"","overlay-color":"","overlay-opacity":"","overlay-gradient":""}},"ast-content-background-meta":{"desktop":{"background-color":"var(--ast-global-color-5)","background-image":"","background-repeat":"repeat","background-position":"center center","background-size":"auto","background-attachment":"scroll","background-type":"","background-media":"","overlay-type":"","overlay-color":"","overlay-opacity":"","overlay-gradient":""},"tablet":{"background-color":"var(--ast-global-color-5)","background-image":"","background-repeat":"repeat","background-position":"center center","background-size":"auto","background-attachment":"scroll","background-type":"","background-media":"","overlay-type":"","overlay-color":"","overlay-opacity":"","overlay-gradient":""},"mobile":{"background-color":"var(--ast-global-color-5)","background-image":"","background-repeat":"repeat","background-position":"center center","background-size":"auto","background-attachment":"scroll","background-type":"","background-media":"","overlay-type":"","overlay-color":"","overlay-opacity":"","overlay-gradient":""}}},"product_brand":[],"product_cat":[34],"product_tag":[],"class_list":{"0":"post-724","1":"product","2":"type-product","3":"status-publish","4":"has-post-thumbnail","6":"product_cat-kantoorprinters","7":"desktop-align-left","8":"tablet-align-left","9":"mobile-align-left","11":"first","12":"instock","13":"taxable","14":"shipping-taxable","15":"product-type-simple"},"_links":{"self":[{"href":"https:\/\/cad.nl\/de\/wp-json\/wp\/v2\/product\/724","targetHints":{"allow":["GET"]}}],"collection":[{"href":"https:\/\/cad.nl\/de\/wp-json\/wp\/v2\/product"}],"about":[{"href":"https:\/\/cad.nl\/de\/wp-json\/wp\/v2\/types\/product"}],"version-history":[{"count":17,"href":"https:\/\/cad.nl\/de\/wp-json\/wp\/v2\/product\/724\/revisions"}],"predecessor-version":[{"id":4089,"href":"https:\/\/cad.nl\/de\/wp-json\/wp\/v2\/product\/724\/revisions\/4089"}],"wp:featuredmedia":[{"embeddable":true,"href":"https:\/\/cad.nl\/de\/wp-json\/wp\/v2\/media\/4088"}],"wp:attachment":[{"href":"https:\/\/cad.nl\/de\/wp-json\/wp\/v2\/media?parent=724"}],"wp:term":[{"taxonomy":"product_brand","embeddable":true,"href":"https:\/\/cad.nl\/de\/wp-json\/wp\/v2\/product_brand?post=724"},{"taxonomy":"product_cat","embeddable":true,"href":"https:\/\/cad.nl\/de\/wp-json\/wp\/v2\/product_cat?post=724"},{"taxonomy":"product_tag","embeddable":true,"href":"https:\/\/cad.nl\/de\/wp-json\/wp\/v2\/product_tag?post=724"}],"curies":[{"name":"wp","href":"https:\/\/api.w.org\/{rel}","templated":true}]}}