{"id":748,"date":"2022-10-06T10:24:30","date_gmt":"2022-10-06T10:24:30","guid":{"rendered":"https:\/\/cad.nl\/?post_type=product&#038;p=748"},"modified":"2022-12-01T13:34:01","modified_gmt":"2022-12-01T13:34:01","slug":"toshiba-e-studio-2505h","status":"publish","type":"product","link":"https:\/\/cad.nl\/de\/produkt\/toshiba-e-studio-2505h\/","title":{"rendered":"Toshiba E-Studio 2505H"},"content":{"rendered":"<div data-elementor-type=\"product-post\" data-elementor-id=\"748\" class=\"elementor elementor-748\" data-elementor-post-type=\"product\">\n\t\t\t\t\t\t<section class=\"elementor-section elementor-top-section elementor-element elementor-element-64aeb5d elementor-section-boxed elementor-section-height-default elementor-section-height-default\" data-id=\"64aeb5d\" data-element_type=\"section\" data-e-type=\"section\">\n\t\t\t\t\t\t<div class=\"elementor-container elementor-column-gap-default\">\n\t\t\t\t\t<div class=\"elementor-column elementor-col-100 elementor-top-column elementor-element elementor-element-f86e5fb\" data-id=\"f86e5fb\" data-element_type=\"column\" data-e-type=\"column\">\n\t\t\t<div class=\"elementor-widget-wrap elementor-element-populated\">\n\t\t\t\t\t\t<div class=\"elementor-element elementor-element-36d3728 elementor-widget elementor-widget-text-editor\" data-id=\"36d3728\" data-element_type=\"widget\" data-e-type=\"widget\" data-widget_type=\"text-editor.default\">\n\t\t\t\t<div class=\"elementor-widget-container\">\n\t\t\t\t\t\t\t\t\t<p>Toshiba E-Studio 2505H<\/p>\t\t\t\t\t\t\t\t<\/div>\n\t\t\t\t<\/div>\n\t\t\t\t\t<\/div>\n\t\t<\/div>\n\t\t\t\t\t<\/div>\n\t\t<\/section>\n\t\t\t\t<section class=\"elementor-section elementor-top-section elementor-element elementor-element-3971167 elementor-section-boxed elementor-section-height-default elementor-section-height-default\" data-id=\"3971167\" data-element_type=\"section\" data-e-type=\"section\">\n\t\t\t\t\t\t<div class=\"elementor-container elementor-column-gap-default\">\n\t\t\t\t\t<div class=\"elementor-column elementor-col-100 elementor-top-column elementor-element elementor-element-b7b7c53\" data-id=\"b7b7c53\" data-element_type=\"column\" data-e-type=\"column\">\n\t\t\t<div class=\"elementor-widget-wrap elementor-element-populated\">\n\t\t\t\t\t\t<div class=\"elementor-element elementor-element-f5049c2 elementor-widget elementor-widget-text-editor\" data-id=\"f5049c2\" data-element_type=\"widget\" data-e-type=\"widget\" data-widget_type=\"text-editor.default\">\n\t\t\t\t<div class=\"elementor-widget-container\">\n\t\t\t\t\t\t\t\t\t<p><b>Neu gebrauchter MFP: <\/b>Der E-Studio 2505H ist ein neu gebrauchter Multifunktionsdrucker. Die gebrauchten Drucker sind gut gewartet und Sie erhalten beim Kauf eines E-Studio 2505H eine 3-monatige Vor-Ort-Garantie.<\/p>\n<p><b>Extrem kompakt: <\/b>Mit dem E-Studio 2505H sparen Sie viel Platz, sodass dieser Multifunktionsdrucker \u00fcberall aufgestellt werden kann.<\/p>\n<p><b>Einfach:<\/b> Ein einfaches Bedienfeld erleichtert die Bedienung dieses Druckers.<\/p>\n<p><b>Dauerhaft:<\/b> Dieser E-Studio verf\u00fcgt \u00fcber eine *Energy Star-Funktion, was bedeutet, dass der Drucker Umweltstandards erf\u00fcllt.<\/p>\n<p><b>Farbscanner: <\/b>Dadurch k\u00f6nnen Sie Farboriginale ohne Farbverlust speichern und scannen.<\/p>\t\t\t\t\t\t\t\t<\/div>\n\t\t\t\t<\/div>\n\t\t\t\t\t<\/div>\n\t\t<\/div>\n\t\t\t\t\t<\/div>\n\t\t<\/section>\n\t\t\t\t<\/div>","protected":false},"excerpt":{"rendered":"<p><strong>Einfacher multifunktionaler A4\/A3-Drucker<\/strong><br \/>\nDer Toshiba E-Studio 2505H ist ein kompakter Multifunktionsdrucker. Dieser Drucker ist ideal f\u00fcr Benutzer, die haupts\u00e4chlich im A4-Format drucken und gelegentlich auch im A3-Format drucken m\u00f6chten. Dieses E-Studio 2505H verf\u00fcgt au\u00dferdem \u00fcber einen Scanner, mit dem Sie problemlos bis zur Gr\u00f6\u00dfe A3 scannen und kopieren k\u00f6nnen.<\/p>","protected":false},"featured_media":4090,"template":"","meta":{"site-sidebar-layout":"default","site-content-layout":"default","ast-site-content-layout":"default","site-content-style":"default","site-sidebar-style":"default","ast-global-header-display":"","ast-banner-title-visibility":"","ast-main-header-display":"","ast-hfb-above-header-display":"","ast-hfb-below-header-display":"","ast-hfb-mobile-header-display":"","site-post-title":"","ast-breadcrumbs-content":"","ast-featured-img":"","footer-sml-layout":"","ast-disable-related-posts":"","theme-transparent-header-meta":"default","adv-header-id-meta":"","stick-header-meta":"","header-above-stick-meta":"","header-main-stick-meta":"","header-below-stick-meta":"","astra-migrate-meta-layouts":"default","ast-page-background-enabled":"default","ast-page-background-meta":{"desktop":{"background-color":"var(--ast-global-color-4)","background-image":"","background-repeat":"repeat","background-position":"center center","background-size":"auto","background-attachment":"scroll","background-type":"","background-media":"","overlay-type":"","overlay-color":"","overlay-opacity":"","overlay-gradient":""},"tablet":{"background-color":"","background-image":"","background-repeat":"repeat","background-position":"center center","background-size":"auto","background-attachment":"scroll","background-type":"","background-media":"","overlay-type":"","overlay-color":"","overlay-opacity":"","overlay-gradient":""},"mobile":{"background-color":"","background-image":"","background-repeat":"repeat","background-position":"center center","background-size":"auto","background-attachment":"scroll","background-type":"","background-media":"","overlay-type":"","overlay-color":"","overlay-opacity":"","overlay-gradient":""}},"ast-content-background-meta":{"desktop":{"background-color":"var(--ast-global-color-5)","background-image":"","background-repeat":"repeat","background-position":"center center","background-size":"auto","background-attachment":"scroll","background-type":"","background-media":"","overlay-type":"","overlay-color":"","overlay-opacity":"","overlay-gradient":""},"tablet":{"background-color":"var(--ast-global-color-5)","background-image":"","background-repeat":"repeat","background-position":"center center","background-size":"auto","background-attachment":"scroll","background-type":"","background-media":"","overlay-type":"","overlay-color":"","overlay-opacity":"","overlay-gradient":""},"mobile":{"background-color":"var(--ast-global-color-5)","background-image":"","background-repeat":"repeat","background-position":"center center","background-size":"auto","background-attachment":"scroll","background-type":"","background-media":"","overlay-type":"","overlay-color":"","overlay-opacity":"","overlay-gradient":""}}},"product_brand":[],"product_cat":[34],"product_tag":[],"class_list":{"0":"post-748","1":"product","2":"type-product","3":"status-publish","4":"has-post-thumbnail","6":"product_cat-kantoorprinters","7":"desktop-align-left","8":"tablet-align-left","9":"mobile-align-left","11":"first","12":"instock","13":"taxable","14":"shipping-taxable","15":"product-type-simple"},"_links":{"self":[{"href":"https:\/\/cad.nl\/de\/wp-json\/wp\/v2\/product\/748","targetHints":{"allow":["GET"]}}],"collection":[{"href":"https:\/\/cad.nl\/de\/wp-json\/wp\/v2\/product"}],"about":[{"href":"https:\/\/cad.nl\/de\/wp-json\/wp\/v2\/types\/product"}],"version-history":[{"count":24,"href":"https:\/\/cad.nl\/de\/wp-json\/wp\/v2\/product\/748\/revisions"}],"predecessor-version":[{"id":4091,"href":"https:\/\/cad.nl\/de\/wp-json\/wp\/v2\/product\/748\/revisions\/4091"}],"wp:featuredmedia":[{"embeddable":true,"href":"https:\/\/cad.nl\/de\/wp-json\/wp\/v2\/media\/4090"}],"wp:attachment":[{"href":"https:\/\/cad.nl\/de\/wp-json\/wp\/v2\/media?parent=748"}],"wp:term":[{"taxonomy":"product_brand","embeddable":true,"href":"https:\/\/cad.nl\/de\/wp-json\/wp\/v2\/product_brand?post=748"},{"taxonomy":"product_cat","embeddable":true,"href":"https:\/\/cad.nl\/de\/wp-json\/wp\/v2\/product_cat?post=748"},{"taxonomy":"product_tag","embeddable":true,"href":"https:\/\/cad.nl\/de\/wp-json\/wp\/v2\/product_tag?post=748"}],"curies":[{"name":"wp","href":"https:\/\/api.w.org\/{rel}","templated":true}]}}