{"id":7744,"date":"2025-11-26T14:49:33","date_gmt":"2025-11-26T14:49:33","guid":{"rendered":"https:\/\/cad.nl\/?post_type=product&#038;p=7744"},"modified":"2025-11-26T15:15:37","modified_gmt":"2025-11-26T15:15:37","slug":"epson-workforce-pro-em-c800rdw","status":"publish","type":"product","link":"https:\/\/cad.nl\/de\/produkt\/epson-workforce-pro-em-c800rdw\/","title":{"rendered":"EPSON WorkForce Pro EM-C800RDW"},"content":{"rendered":"<div data-elementor-type=\"product-post\" data-elementor-id=\"7744\" class=\"elementor elementor-7744\" data-elementor-post-type=\"product\">\n\t\t\t\t\t\t<section class=\"elementor-section elementor-top-section elementor-element elementor-element-cd3c9c2 elementor-section-content-middle elementor-section-boxed elementor-section-height-default elementor-section-height-default\" data-id=\"cd3c9c2\" data-element_type=\"section\" data-e-type=\"section\">\n\t\t\t\t\t\t<div class=\"elementor-container elementor-column-gap-no\">\n\t\t\t\t\t<div class=\"elementor-column elementor-col-100 elementor-top-column elementor-element elementor-element-7e65a07\" data-id=\"7e65a07\" data-element_type=\"column\" data-e-type=\"column\">\n\t\t\t<div class=\"elementor-widget-wrap elementor-element-populated\">\n\t\t\t\t\t\t<section class=\"elementor-section elementor-inner-section elementor-element elementor-element-bfae241 elementor-section-content-middle elementor-section-boxed elementor-section-height-default elementor-section-height-default\" data-id=\"bfae241\" data-element_type=\"section\" data-e-type=\"section\">\n\t\t\t\t\t\t<div class=\"elementor-container elementor-column-gap-no\">\n\t\t\t\t\t<div class=\"elementor-column elementor-col-50 elementor-inner-column elementor-element elementor-element-01c5d58\" data-id=\"01c5d58\" data-element_type=\"column\" data-e-type=\"column\">\n\t\t\t<div class=\"elementor-widget-wrap elementor-element-populated\">\n\t\t\t\t\t\t<div class=\"elementor-element elementor-element-54fdcfd elementor-widget elementor-widget-image\" data-id=\"54fdcfd\" data-element_type=\"widget\" data-e-type=\"widget\" data-widget_type=\"image.default\">\n\t\t\t\t<div class=\"elementor-widget-container\">\n\t\t\t\t\t\t\t\t\t\t\t\t\t\t\t<img fetchpriority=\"high\" decoding=\"async\" width=\"580\" height=\"504\" src=\"https:\/\/cad.nl\/wp-content\/uploads\/2025\/11\/WorkForce-Pro-EM-C800RDWF1.png\" class=\"attachment-large size-large wp-image-7749\" alt=\"\" srcset=\"https:\/\/cad.nl\/wp-content\/uploads\/2025\/11\/WorkForce-Pro-EM-C800RDWF1.png 580w, https:\/\/cad.nl\/wp-content\/uploads\/2025\/11\/WorkForce-Pro-EM-C800RDWF1-300x261.png 300w, https:\/\/cad.nl\/wp-content\/uploads\/2025\/11\/WorkForce-Pro-EM-C800RDWF1-14x12.png 14w\" sizes=\"(max-width: 580px) 100vw, 580px\" \/>\t\t\t\t\t\t\t\t\t\t\t\t\t\t\t<\/div>\n\t\t\t\t<\/div>\n\t\t\t\t\t<\/div>\n\t\t<\/div>\n\t\t\t\t<div class=\"elementor-column elementor-col-50 elementor-inner-column elementor-element elementor-element-6a466e7\" data-id=\"6a466e7\" data-element_type=\"column\" data-e-type=\"column\">\n\t\t\t<div class=\"elementor-widget-wrap elementor-element-populated\">\n\t\t\t\t\t\t<div class=\"elementor-element elementor-element-d100f7d elementor-widget elementor-widget-heading\" data-id=\"d100f7d\" data-element_type=\"widget\" data-e-type=\"widget\" data-widget_type=\"heading.default\">\n\t\t\t\t<div class=\"elementor-widget-container\">\n\t\t\t\t\t<h2 class=\"elementor-heading-title elementor-size-default\">Kompakter Allrounder<\/h2>\t\t\t\t<\/div>\n\t\t\t\t<\/div>\n\t\t\t\t<div class=\"elementor-element elementor-element-c06500f elementor-widget elementor-widget-text-editor\" data-id=\"c06500f\" data-element_type=\"widget\" data-e-type=\"widget\" data-widget_type=\"text-editor.default\">\n\t\t\t\t<div class=\"elementor-widget-container\">\n\t\t\t\t\t\t\t\t\t<p>Der EPSON WorkForce Pro EM-C800RDW ist ein kompakter A4-Multifunktionsdrucker. Drucken, scannen, kopieren und faxen Sie einfach und schnell. Der WorkForce Pro druckt bis zu 25 Seiten pro Minute.<\/p>\t\t\t\t\t\t\t\t<\/div>\n\t\t\t\t<\/div>\n\t\t\t\t<div class=\"elementor-element elementor-element-489878b elementor-widget elementor-widget-button\" data-id=\"489878b\" data-element_type=\"widget\" data-e-type=\"widget\" data-widget_type=\"button.default\">\n\t\t\t\t<div class=\"elementor-widget-container\">\n\t\t\t\t\t\t\t\t\t<div class=\"elementor-button-wrapper\">\n\t\t\t\t\t<a class=\"elementor-button elementor-button-link elementor-size-sm\" href=\"https:\/\/cad.nl\/wp-content\/uploads\/2025\/11\/workforce-pro-em-c800rdwf-printer-datasheet.pdf\" target=\"_blank\">\n\t\t\t\t\t\t<span class=\"elementor-button-content-wrapper\">\n\t\t\t\t\t\t\t\t\t<span class=\"elementor-button-text\">Brosch\u00fcre ansehen<\/span>\n\t\t\t\t\t<\/span>\n\t\t\t\t\t<\/a>\n\t\t\t\t<\/div>\n\t\t\t\t\t\t\t\t<\/div>\n\t\t\t\t<\/div>\n\t\t\t\t\t<\/div>\n\t\t<\/div>\n\t\t\t\t\t<\/div>\n\t\t<\/section>\n\t\t\t\t<section class=\"elementor-section elementor-inner-section elementor-element elementor-element-dbb0faa elementor-section-content-middle elementor-section-boxed elementor-section-height-default elementor-section-height-default\" data-id=\"dbb0faa\" data-element_type=\"section\" data-e-type=\"section\">\n\t\t\t\t\t\t<div class=\"elementor-container elementor-column-gap-no\">\n\t\t\t\t\t<div class=\"elementor-column elementor-col-50 elementor-inner-column elementor-element elementor-element-d440f88\" data-id=\"d440f88\" data-element_type=\"column\" data-e-type=\"column\">\n\t\t\t<div class=\"elementor-widget-wrap elementor-element-populated\">\n\t\t\t\t\t\t<div class=\"elementor-element elementor-element-05c6561 elementor-widget elementor-widget-heading\" data-id=\"05c6561\" data-element_type=\"widget\" data-e-type=\"widget\" data-widget_type=\"heading.default\">\n\t\t\t\t<div class=\"elementor-widget-container\">\n\t\t\t\t\t<h2 class=\"elementor-heading-title elementor-size-default\">Hitzefreie Drucktechnologie<\/h2>\t\t\t\t<\/div>\n\t\t\t\t<\/div>\n\t\t\t\t<div class=\"elementor-element elementor-element-ed5e7a7 elementor-widget elementor-widget-text-editor\" data-id=\"ed5e7a7\" data-element_type=\"widget\" data-e-type=\"widget\" data-widget_type=\"text-editor.default\">\n\t\t\t\t<div class=\"elementor-widget-container\">\n\t\t\t\t\t\t\t\t\t<p>Sparen Sie Zeit und Energie mit der Heat-Free-Drucktechnologie von EPSON. Dank dieser Technologie muss sich der Drucker beim Einschalten oder Aufwachen aus dem Ruhemodus nicht erst aufw\u00e4rmen. So k\u00f6nnen Sie sofort mit dem Drucken beginnen.<\/p>\t\t\t\t\t\t\t\t<\/div>\n\t\t\t\t<\/div>\n\t\t\t\t\t<\/div>\n\t\t<\/div>\n\t\t\t\t<div class=\"elementor-column elementor-col-50 elementor-inner-column elementor-element elementor-element-fe8cbe2\" data-id=\"fe8cbe2\" data-element_type=\"column\" data-e-type=\"column\">\n\t\t\t<div class=\"elementor-widget-wrap elementor-element-populated\">\n\t\t\t\t\t\t<div class=\"elementor-element elementor-element-50dde08 elementor-widget elementor-widget-image\" data-id=\"50dde08\" data-element_type=\"widget\" data-e-type=\"widget\" data-widget_type=\"image.default\">\n\t\t\t\t<div class=\"elementor-widget-container\">\n\t\t\t\t\t\t\t\t\t\t\t\t\t\t\t<img decoding=\"async\" width=\"580\" height=\"504\" src=\"https:\/\/cad.nl\/wp-content\/uploads\/2025\/11\/WorkForce-Pro-EM-C800RDWF2.png\" class=\"attachment-large size-large wp-image-7750\" alt=\"\" srcset=\"https:\/\/cad.nl\/wp-content\/uploads\/2025\/11\/WorkForce-Pro-EM-C800RDWF2.png 580w, https:\/\/cad.nl\/wp-content\/uploads\/2025\/11\/WorkForce-Pro-EM-C800RDWF2-300x261.png 300w, https:\/\/cad.nl\/wp-content\/uploads\/2025\/11\/WorkForce-Pro-EM-C800RDWF2-14x12.png 14w\" sizes=\"(max-width: 580px) 100vw, 580px\" \/>\t\t\t\t\t\t\t\t\t\t\t\t\t\t\t<\/div>\n\t\t\t\t<\/div>\n\t\t\t\t\t<\/div>\n\t\t<\/div>\n\t\t\t\t\t<\/div>\n\t\t<\/section>\n\t\t\t\t<section class=\"elementor-section elementor-inner-section elementor-element elementor-element-24101b1 elementor-section-content-middle elementor-section-boxed elementor-section-height-default elementor-section-height-default\" data-id=\"24101b1\" data-element_type=\"section\" data-e-type=\"section\">\n\t\t\t\t\t\t<div class=\"elementor-container elementor-column-gap-no\">\n\t\t\t\t\t<div class=\"elementor-column elementor-col-50 elementor-inner-column elementor-element elementor-element-578bc24\" data-id=\"578bc24\" data-element_type=\"column\" data-e-type=\"column\">\n\t\t\t<div class=\"elementor-widget-wrap elementor-element-populated\">\n\t\t\t\t\t\t<div class=\"elementor-element elementor-element-cd96eb7 elementor-widget elementor-widget-image\" data-id=\"cd96eb7\" data-element_type=\"widget\" data-e-type=\"widget\" data-widget_type=\"image.default\">\n\t\t\t\t<div class=\"elementor-widget-container\">\n\t\t\t\t\t\t\t\t\t\t\t\t\t\t\t<img decoding=\"async\" width=\"580\" height=\"504\" src=\"https:\/\/cad.nl\/wp-content\/uploads\/2025\/11\/WorkForce-Pro-EM-C800RDWF3.png\" class=\"attachment-large size-large wp-image-7751\" alt=\"\" srcset=\"https:\/\/cad.nl\/wp-content\/uploads\/2025\/11\/WorkForce-Pro-EM-C800RDWF3.png 580w, https:\/\/cad.nl\/wp-content\/uploads\/2025\/11\/WorkForce-Pro-EM-C800RDWF3-300x261.png 300w, https:\/\/cad.nl\/wp-content\/uploads\/2025\/11\/WorkForce-Pro-EM-C800RDWF3-14x12.png 14w\" sizes=\"(max-width: 580px) 100vw, 580px\" \/>\t\t\t\t\t\t\t\t\t\t\t\t\t\t\t<\/div>\n\t\t\t\t<\/div>\n\t\t\t\t\t<\/div>\n\t\t<\/div>\n\t\t\t\t<div class=\"elementor-column elementor-col-50 elementor-inner-column elementor-element elementor-element-e0b030f\" data-id=\"e0b030f\" data-element_type=\"column\" data-e-type=\"column\">\n\t\t\t<div class=\"elementor-widget-wrap elementor-element-populated\">\n\t\t\t\t\t\t<div class=\"elementor-element elementor-element-703cdcb elementor-widget elementor-widget-heading\" data-id=\"703cdcb\" data-element_type=\"widget\" data-e-type=\"widget\" data-widget_type=\"heading.default\">\n\t\t\t\t<div class=\"elementor-widget-container\">\n\t\t\t\t\t<h2 class=\"elementor-heading-title elementor-size-default\">M\u00f6glichkeiten <\/h2>\t\t\t\t<\/div>\n\t\t\t\t<\/div>\n\t\t\t\t<div class=\"elementor-element elementor-element-42d27fa elementor-widget elementor-widget-text-editor\" data-id=\"42d27fa\" data-element_type=\"widget\" data-e-type=\"widget\" data-widget_type=\"text-editor.default\">\n\t\t\t\t<div class=\"elementor-widget-container\">\n\t\t\t\t\t\t\t\t\t<p>Der WorkForce Pro bietet einen einfachen Workflow und ein benutzerfreundliches Bedienfeld. Dank hitzefreier Drucktechnologie drucken Sie in nur 5 Sekunden.\u00a0<\/p>\t\t\t\t\t\t\t\t<\/div>\n\t\t\t\t<\/div>\n\t\t\t\t\t<\/div>\n\t\t<\/div>\n\t\t\t\t\t<\/div>\n\t\t<\/section>\n\t\t\t\t<section class=\"elementor-section elementor-inner-section elementor-element elementor-element-da0e235 elementor-section-content-middle elementor-reverse-mobile elementor-section-boxed elementor-section-height-default elementor-section-height-default\" data-id=\"da0e235\" data-element_type=\"section\" data-e-type=\"section\">\n\t\t\t\t\t\t<div class=\"elementor-container elementor-column-gap-no\">\n\t\t\t\t\t<div class=\"elementor-column elementor-col-50 elementor-inner-column elementor-element elementor-element-a5f3d80\" data-id=\"a5f3d80\" data-element_type=\"column\" data-e-type=\"column\">\n\t\t\t<div class=\"elementor-widget-wrap elementor-element-populated\">\n\t\t\t\t\t\t<div class=\"elementor-element elementor-element-8a3025e elementor-widget elementor-widget-heading\" data-id=\"8a3025e\" data-element_type=\"widget\" data-e-type=\"widget\" data-widget_type=\"heading.default\">\n\t\t\t\t<div class=\"elementor-widget-container\">\n\t\t\t\t\t<h2 class=\"elementor-heading-title elementor-size-default\">Tintensystem<\/h2>\t\t\t\t<\/div>\n\t\t\t\t<\/div>\n\t\t\t\t<div class=\"elementor-element elementor-element-537628f elementor-widget elementor-widget-text-editor\" data-id=\"537628f\" data-element_type=\"widget\" data-e-type=\"widget\" data-widget_type=\"text-editor.default\">\n\t\t\t\t<div class=\"elementor-widget-container\">\n\t\t\t\t\t\t\t\t\t<p>Das 4-Farben-Tintensystem des EPSON WorkForce Pro verwendet einen PrecisionCore\u2122 Micro TFP-Druckkopf mit 800 D\u00fcsen pro Farbe und hat eine Druckaufl\u00f6sung von 4800 x 1200 DPI.<\/p><p>\u00a0<\/p>\t\t\t\t\t\t\t\t<\/div>\n\t\t\t\t<\/div>\n\t\t\t\t\t<\/div>\n\t\t<\/div>\n\t\t\t\t<div class=\"elementor-column elementor-col-50 elementor-inner-column elementor-element elementor-element-fa9fae4\" data-id=\"fa9fae4\" data-element_type=\"column\" data-e-type=\"column\">\n\t\t\t<div class=\"elementor-widget-wrap elementor-element-populated\">\n\t\t\t\t\t\t<div class=\"elementor-element elementor-element-7869b7a elementor-widget elementor-widget-image\" data-id=\"7869b7a\" data-element_type=\"widget\" data-e-type=\"widget\" data-widget_type=\"image.default\">\n\t\t\t\t<div class=\"elementor-widget-container\">\n\t\t\t\t\t\t\t\t\t\t\t\t\t\t\t<img loading=\"lazy\" decoding=\"async\" width=\"1024\" height=\"768\" src=\"https:\/\/cad.nl\/wp-content\/uploads\/2022\/12\/Ecotank-supplies-picture.jpg\" class=\"attachment-large size-large wp-image-5262\" alt=\"Printer supplies\" srcset=\"https:\/\/cad.nl\/wp-content\/uploads\/2022\/12\/Ecotank-supplies-picture.jpg 1024w, https:\/\/cad.nl\/wp-content\/uploads\/2022\/12\/Ecotank-supplies-picture-300x225.jpg 300w, https:\/\/cad.nl\/wp-content\/uploads\/2022\/12\/Ecotank-supplies-picture-768x576.jpg 768w, https:\/\/cad.nl\/wp-content\/uploads\/2022\/12\/Ecotank-supplies-picture-600x450.jpg 600w\" sizes=\"(max-width: 1024px) 100vw, 1024px\" \/>\t\t\t\t\t\t\t\t\t\t\t\t\t\t\t<\/div>\n\t\t\t\t<\/div>\n\t\t\t\t\t<\/div>\n\t\t<\/div>\n\t\t\t\t\t<\/div>\n\t\t<\/section>\n\t\t\t\t\t<\/div>\n\t\t<\/div>\n\t\t\t\t\t<\/div>\n\t\t<\/section>\n\t\t\t\t<\/div>","protected":false},"excerpt":{"rendered":"<p>Der EPSON EM-C800RDWF bietet eine L\u00f6sung f\u00fcr effizientes, unterbrechungsfreies Drucken gro\u00dfer Mengen ohne Verbrauchsmaterialien. Sein geringer Stromverbrauch, die schnelle erste Seite in nur 4,8 Sekunden und die Druckgeschwindigkeit von 25 Seiten pro Minute machen diesen Drucker ideal f\u00fcr B\u00fcroumgebungen. Dank Epsons neuer Heat-Free-Drucktechnologie ben\u00f6tigt er zudem keine Aufw\u00e4rmphase. Ideal f\u00fcr nachhaltiges und effizientes Drucken!<\/p>\n<p>&nbsp;<\/p>","protected":false},"featured_media":7745,"template":"","meta":{"site-sidebar-layout":"no-sidebar","site-content-layout":"page-builder","ast-site-content-layout":"full-width-container","site-content-style":"default","site-sidebar-style":"default","ast-global-header-display":"","ast-banner-title-visibility":"","ast-main-header-display":"","ast-hfb-above-header-display":"","ast-hfb-below-header-display":"","ast-hfb-mobile-header-display":"","site-post-title":"","ast-breadcrumbs-content":"","ast-featured-img":"disabled","footer-sml-layout":"","ast-disable-related-posts":"","theme-transparent-header-meta":"default","adv-header-id-meta":"","stick-header-meta":"","header-above-stick-meta":"","header-main-stick-meta":"","header-below-stick-meta":"","astra-migrate-meta-layouts":"set","ast-page-background-enabled":"default","ast-page-background-meta":{"desktop":{"background-color":"var(--ast-global-color-4)","background-image":"","background-repeat":"repeat","background-position":"center center","background-size":"auto","background-attachment":"scroll","background-type":"","background-media":"","overlay-type":"","overlay-color":"","overlay-opacity":"","overlay-gradient":""},"tablet":{"background-color":"","background-image":"","background-repeat":"repeat","background-position":"center center","background-size":"auto","background-attachment":"scroll","background-type":"","background-media":"","overlay-type":"","overlay-color":"","overlay-opacity":"","overlay-gradient":""},"mobile":{"background-color":"","background-image":"","background-repeat":"repeat","background-position":"center center","background-size":"auto","background-attachment":"scroll","background-type":"","background-media":"","overlay-type":"","overlay-color":"","overlay-opacity":"","overlay-gradient":""}},"ast-content-background-meta":{"desktop":{"background-color":"var(--ast-global-color-5)","background-image":"","background-repeat":"repeat","background-position":"center center","background-size":"auto","background-attachment":"scroll","background-type":"","background-media":"","overlay-type":"","overlay-color":"","overlay-opacity":"","overlay-gradient":""},"tablet":{"background-color":"var(--ast-global-color-5)","background-image":"","background-repeat":"repeat","background-position":"center center","background-size":"auto","background-attachment":"scroll","background-type":"","background-media":"","overlay-type":"","overlay-color":"","overlay-opacity":"","overlay-gradient":""},"mobile":{"background-color":"var(--ast-global-color-5)","background-image":"","background-repeat":"repeat","background-position":"center center","background-size":"auto","background-attachment":"scroll","background-type":"","background-media":"","overlay-type":"","overlay-color":"","overlay-opacity":"","overlay-gradient":""}}},"product_brand":[],"product_cat":[34],"product_tag":[],"class_list":{"0":"post-7744","1":"product","2":"type-product","3":"status-publish","4":"has-post-thumbnail","6":"product_cat-kantoorprinters","7":"desktop-align-left","8":"tablet-align-left","9":"mobile-align-left","11":"first","12":"instock","13":"taxable","14":"shipping-taxable","15":"product-type-simple"},"_links":{"self":[{"href":"https:\/\/cad.nl\/de\/wp-json\/wp\/v2\/product\/7744","targetHints":{"allow":["GET"]}}],"collection":[{"href":"https:\/\/cad.nl\/de\/wp-json\/wp\/v2\/product"}],"about":[{"href":"https:\/\/cad.nl\/de\/wp-json\/wp\/v2\/types\/product"}],"version-history":[{"count":10,"href":"https:\/\/cad.nl\/de\/wp-json\/wp\/v2\/product\/7744\/revisions"}],"predecessor-version":[{"id":7761,"href":"https:\/\/cad.nl\/de\/wp-json\/wp\/v2\/product\/7744\/revisions\/7761"}],"wp:featuredmedia":[{"embeddable":true,"href":"https:\/\/cad.nl\/de\/wp-json\/wp\/v2\/media\/7745"}],"wp:attachment":[{"href":"https:\/\/cad.nl\/de\/wp-json\/wp\/v2\/media?parent=7744"}],"wp:term":[{"taxonomy":"product_brand","embeddable":true,"href":"https:\/\/cad.nl\/de\/wp-json\/wp\/v2\/product_brand?post=7744"},{"taxonomy":"product_cat","embeddable":true,"href":"https:\/\/cad.nl\/de\/wp-json\/wp\/v2\/product_cat?post=7744"},{"taxonomy":"product_tag","embeddable":true,"href":"https:\/\/cad.nl\/de\/wp-json\/wp\/v2\/product_tag?post=7744"}],"curies":[{"name":"wp","href":"https:\/\/api.w.org\/{rel}","templated":true}]}}